{"id":218,"date":"2025-02-02T11:31:23","date_gmt":"2025-02-02T10:31:23","guid":{"rendered":"https:\/\/ny.tiveden.nu\/?page_id=218"},"modified":"2026-03-16T19:22:37","modified_gmt":"2026-03-16T18:22:37","slug":"hander-i-tived-under-aret","status":"publish","type":"page","link":"https:\/\/tiveden.nu\/index.php\/upptack-tived-tjanster\/hander-i-tived-under-aret\/","title":{"rendered":"H\u00e4nder i Tived under \u00e5ret"},"content":{"rendered":"\n<p>Ett f\u00f6rsta f\u00f6rs\u00f6k p\u00e5 en sammanst\u00e4llning av olika arrangemang. Ta kontakt med respektive f\u00f6reningen f\u00f6r mer aktuell info.<\/p>\n\n\n\n<figure class=\"wp-block-table\"><table class=\"has-fixed-layout\"><tbody><tr><td><br><strong>Januari<\/strong><br><br><\/td><td><strong>Februari<\/strong><\/td><td><strong>Mars<\/strong><\/td><\/tr><tr><td><\/td><td>TUG &#8211; tr\u00e4ffar i biblotekt 6 ggr onsdag 12\/2 kl. 14-16 <br><br><\/td><td>\u00c5rsm\u00f6ten <br>TUG 13 mars<br>TIF <br>THF <br><\/td><\/tr><tr><td><strong>April<\/strong><\/td><td><strong>Maj<\/strong><br><\/td><td><strong>Juni<\/strong><br><\/td><\/tr><tr><td><\/td><td>l\u00f6rdagen den 24 Tivedstorps Kulturfest<br><br>Familjefest<br>En dag d\u00e4r gammal som ung tr\u00e4ffas och har kul 14\/5. 11.00 -15.00 \u00c5boholm<\/td><td>THf 6\/6 Nationaldagen<br>TIF &#8211; midsommarfirande \u00c5boholm<\/td><\/tr><tr><td><strong>juli<\/strong><\/td><td><strong>Augusti<\/strong><\/td><td><strong>September<\/strong><\/td><\/tr><tr><td>26-27 juli <br>Mobila museet kommer till Sannerud<br><\/td><td>THF Tivedsdagen 2 s\u00f6ndagen i augusti<br><br>TUG marknad sista l\u00f6rdagen i augusti<\/td><td>TUG tr\u00e4ffar i bibliotekt6 ggr onsdag kl 14-16<br><br><\/td><\/tr><tr><td><strong>Oktober<\/strong><\/td><td><strong>November<\/strong><\/td><td><strong>December<\/strong><\/td><\/tr><tr><td>THF Ljusfest i  Dammtorp<\/td><td><\/td><td>THF Julgr\u00f6t i Dammtorp<br>TUG Julmarknad<br><\/td><\/tr><\/tbody><\/table><\/figure>\n\n\n\n<p><\/p>\n\n\n\n<p><\/p>\n","protected":false},"excerpt":{"rendered":"<p>Ett f\u00f6rsta f\u00f6rs\u00f6k p\u00e5 en sammanst\u00e4llning av olika arrangemang. Ta kontakt med respektive f\u00f6reningen f\u00f6r mer aktuell info. Januari Februari Mars TUG &#8211; tr\u00e4ffar i biblotekt 6 ggr onsdag 12\/2 kl. 14-16 \u00c5rsm\u00f6ten TUG 13 marsTIF THF April Maj Juni l\u00f6rdagen den 24 Tivedstorps Kulturfest FamiljefestEn dag d\u00e4r gammal som ung tr\u00e4ffas och har kul &hellip; <a href=\"https:\/\/tiveden.nu\/index.php\/upptack-tived-tjanster\/hander-i-tived-under-aret\/\" class=\"more-link\">Forts\u00e4tt l\u00e4sa <span class=\"screen-reader-text\">H\u00e4nder i Tived under \u00e5ret<\/span> <span class=\"meta-nav\">&rarr;<\/span><\/a><\/p>\n","protected":false},"author":1,"featured_media":0,"parent":828,"menu_order":0,"comment_status":"closed","ping_status":"closed","template":"","meta":{"footnotes":""},"class_list":["post-218","page","type-page","status-publish","hentry"],"_links":{"self":[{"href":"https:\/\/tiveden.nu\/index.php\/wp-json\/wp\/v2\/pages\/218","targetHints":{"allow":["GET"]}}],"collection":[{"href":"https:\/\/tiveden.nu\/index.php\/wp-json\/wp\/v2\/pages"}],"about":[{"href":"https:\/\/tiveden.nu\/index.php\/wp-json\/wp\/v2\/types\/page"}],"author":[{"embeddable":true,"href":"https:\/\/tiveden.nu\/index.php\/wp-json\/wp\/v2\/users\/1"}],"replies":[{"embeddable":true,"href":"https:\/\/tiveden.nu\/index.php\/wp-json\/wp\/v2\/comments?post=218"}],"version-history":[{"count":11,"href":"https:\/\/tiveden.nu\/index.php\/wp-json\/wp\/v2\/pages\/218\/revisions"}],"predecessor-version":[{"id":1424,"href":"https:\/\/tiveden.nu\/index.php\/wp-json\/wp\/v2\/pages\/218\/revisions\/1424"}],"up":[{"embeddable":true,"href":"https:\/\/tiveden.nu\/index.php\/wp-json\/wp\/v2\/pages\/828"}],"wp:attachment":[{"href":"https:\/\/tiveden.nu\/index.php\/wp-json\/wp\/v2\/media?parent=218"}],"curies":[{"name":"wp","href":"https:\/\/api.w.org\/{rel}","templated":true}]}}