{"id":858,"date":"2025-10-04T12:41:15","date_gmt":"2025-10-04T10:41:15","guid":{"rendered":"https:\/\/tiveden.nu\/?page_id=858"},"modified":"2026-02-13T09:22:04","modified_gmt":"2026-02-13T08:22:04","slug":"motas-och-umgas","status":"publish","type":"page","link":"https:\/\/tiveden.nu\/index.php\/motas-och-umgas\/","title":{"rendered":"Tr\u00e4ffas  och umg\u00e5s"},"content":{"rendered":"\n<p>F\u00f6reningslivet har alltid varit rikt i trakten. Idag finns idrottsf\u00f6rening, hembygdsf\u00f6rening,  EFS i Mosshult samt Tiveds utvecklingsgrupp.<\/p>\n\n\n\n<p>N\u00e5gra \u00e5terkommande arrangemang. de senaste \u00e5ren.<br><br>Milan reses och rivs<br>Tr\u00e4ffar f\u00f6r daglediga i biblioteket<\/p>\n\n\n\n<p>Soppluncher h\u00f6st och v\u00e5r i f\u00f6rsamlingshemmet<br><br>Sk\u00e4rtorsdag &#8211; Hembygdsf\u00f6reningen inbjuder till filmvisning i \u00c5boholm<br>Familjedag i \u00c5boholm i maj<br><br>Nationaldagen 6 juni firas i Dammtorp<br>Tivedstorp musik mm maj- september<\/p>\n\n\n\n<p>Tivedsdagen  i Dammtorp andra s\u00f6ndagen i augusti<\/p>\n\n\n\n<p>Sannerudsmarken  sista l\u00f6rdagen i augusti.<\/p>\n\n\n\n<p>Ljusfest i Dammtorp  fredagskv\u00e4ll i oktober<br><br>Julmarknad i Skolbyggnaden  december<br><br> Julgr\u00f6t i Dammtorp     i december<br><br><br><\/p>\n\n\n\n<figure class=\"wp-block-image size-full\"><img loading=\"lazy\" decoding=\"async\" width=\"940\" height=\"788\" src=\"https:\/\/tiveden.nu\/wp-content\/uploads\/2025\/05\/image0.png\" alt=\"\" class=\"wp-image-426\" srcset=\"https:\/\/tiveden.nu\/wp-content\/uploads\/2025\/05\/image0.png 940w, https:\/\/tiveden.nu\/wp-content\/uploads\/2025\/05\/image0-300x251.png 300w, https:\/\/tiveden.nu\/wp-content\/uploads\/2025\/05\/image0-768x644.png 768w\" sizes=\"auto, (max-width: 940px) 100vw, 940px\" \/><\/figure>\n\n\n\n<p><\/p>\n\n\n\n<p><\/p>\n","protected":false},"excerpt":{"rendered":"<p>F\u00f6reningslivet har alltid varit rikt i trakten. Idag finns idrottsf\u00f6rening, hembygdsf\u00f6rening, EFS i Mosshult samt Tiveds utvecklingsgrupp. N\u00e5gra \u00e5terkommande arrangemang. de senaste \u00e5ren. Milan reses och rivsTr\u00e4ffar f\u00f6r daglediga i biblioteket Soppluncher h\u00f6st och v\u00e5r i f\u00f6rsamlingshemmet Sk\u00e4rtorsdag &#8211; Hembygdsf\u00f6reningen inbjuder till filmvisning i \u00c5boholmFamiljedag i \u00c5boholm i maj Nationaldagen 6 juni firas i DammtorpTivedstorp &hellip; <a href=\"https:\/\/tiveden.nu\/index.php\/motas-och-umgas\/\" class=\"more-link\">Forts\u00e4tt l\u00e4sa <span class=\"screen-reader-text\">Tr\u00e4ffas  och umg\u00e5s<\/span> <span class=\"meta-nav\">&rarr;<\/span><\/a><\/p>\n","protected":false},"author":1,"featured_media":778,"parent":0,"menu_order":0,"comment_status":"closed","ping_status":"closed","template":"","meta":{"footnotes":""},"class_list":["post-858","page","type-page","status-publish","has-post-thumbnail","hentry"],"_links":{"self":[{"href":"https:\/\/tiveden.nu\/index.php\/wp-json\/wp\/v2\/pages\/858","targetHints":{"allow":["GET"]}}],"collection":[{"href":"https:\/\/tiveden.nu\/index.php\/wp-json\/wp\/v2\/pages"}],"about":[{"href":"https:\/\/tiveden.nu\/index.php\/wp-json\/wp\/v2\/types\/page"}],"author":[{"embeddable":true,"href":"https:\/\/tiveden.nu\/index.php\/wp-json\/wp\/v2\/users\/1"}],"replies":[{"embeddable":true,"href":"https:\/\/tiveden.nu\/index.php\/wp-json\/wp\/v2\/comments?post=858"}],"version-history":[{"count":12,"href":"https:\/\/tiveden.nu\/index.php\/wp-json\/wp\/v2\/pages\/858\/revisions"}],"predecessor-version":[{"id":1222,"href":"https:\/\/tiveden.nu\/index.php\/wp-json\/wp\/v2\/pages\/858\/revisions\/1222"}],"wp:featuredmedia":[{"embeddable":true,"href":"https:\/\/tiveden.nu\/index.php\/wp-json\/wp\/v2\/media\/778"}],"wp:attachment":[{"href":"https:\/\/tiveden.nu\/index.php\/wp-json\/wp\/v2\/media?parent=858"}],"curies":[{"name":"wp","href":"https:\/\/api.w.org\/{rel}","templated":true}]}}