{"id":96,"date":"2025-01-27T07:03:07","date_gmt":"2025-01-27T06:03:07","guid":{"rendered":"https:\/\/ny.tiveden.nu\/?page_id=96"},"modified":"2025-09-27T12:40:58","modified_gmt":"2025-09-27T10:40:58","slug":"ut-i-naturen","status":"publish","type":"page","link":"https:\/\/tiveden.nu\/index.php\/upptack-tived-tjanster\/ut-i-naturen\/","title":{"rendered":"V\u00e4lkommen ut i naturen"},"content":{"rendered":"\n<h2 class=\"wp-block-heading\">Cykla -vandra- fiska-rida p\u00e5 egen hand<\/h2>\n\n\n\n<div class=\"wp-block-columns is-layout-flex wp-container-core-columns-is-layout-9d6595d7 wp-block-columns-is-layout-flex\">\n<div class=\"wp-block-column is-layout-flow wp-block-column-is-layout-flow\">\n<figure data-wp-context=\"{&quot;imageId&quot;:&quot;69f57294c7a86&quot;}\" data-wp-interactive=\"core\/image\" data-wp-key=\"69f57294c7a86\" class=\"wp-block-image size-large is-style-rounded wp-lightbox-container\"><img loading=\"lazy\" decoding=\"async\" width=\"1024\" height=\"765\" data-wp-class--hide=\"state.isContentHidden\" data-wp-class--show=\"state.isContentVisible\" data-wp-init=\"callbacks.setButtonStyles\" data-wp-on--click=\"actions.showLightbox\" data-wp-on--load=\"callbacks.setButtonStyles\" data-wp-on-window--resize=\"callbacks.setButtonStyles\" src=\"https:\/\/tiveden.nu\/wp-content\/uploads\/2025\/02\/IMG_5167-1024x765.jpg\" alt=\"Cykel vid stor myrstack\" class=\"wp-image-225\" srcset=\"https:\/\/tiveden.nu\/wp-content\/uploads\/2025\/02\/IMG_5167-1024x765.jpg 1024w, https:\/\/tiveden.nu\/wp-content\/uploads\/2025\/02\/IMG_5167-300x224.jpg 300w, https:\/\/tiveden.nu\/wp-content\/uploads\/2025\/02\/IMG_5167-768x574.jpg 768w, https:\/\/tiveden.nu\/wp-content\/uploads\/2025\/02\/IMG_5167-1536x1147.jpg 1536w, https:\/\/tiveden.nu\/wp-content\/uploads\/2025\/02\/IMG_5167-2048x1530.jpg 2048w, https:\/\/tiveden.nu\/wp-content\/uploads\/2025\/02\/IMG_5167-1320x986.jpg 1320w\" sizes=\"auto, (max-width: 1024px) 100vw, 1024px\" \/><button\n\t\t\tclass=\"lightbox-trigger\"\n\t\t\ttype=\"button\"\n\t\t\taria-haspopup=\"dialog\"\n\t\t\taria-label=\"F\u00f6rstora\"\n\t\t\tdata-wp-init=\"callbacks.initTriggerButton\"\n\t\t\tdata-wp-on--click=\"actions.showLightbox\"\n\t\t\tdata-wp-style--right=\"state.imageButtonRight\"\n\t\t\tdata-wp-style--top=\"state.imageButtonTop\"\n\t\t>\n\t\t\t<svg xmlns=\"http:\/\/www.w3.org\/2000\/svg\" width=\"12\" height=\"12\" fill=\"none\" viewBox=\"0 0 12 12\">\n\t\t\t\t<path fill=\"#fff\" d=\"M2 0a2 2 0 0 0-2 2v2h1.5V2a.5.5 0 0 1 .5-.5h2V0H2Zm2 10.5H2a.5.5 0 0 1-.5-.5V8H0v2a2 2 0 0 0 2 2h2v-1.5ZM8 12v-1.5h2a.5.5 0 0 0 .5-.5V8H12v2a2 2 0 0 1-2 2H8Zm2-12a2 2 0 0 1 2 2v2h-1.5V2a.5.5 0 0 0-.5-.5H8V0h2Z\" \/>\n\t\t\t<\/svg>\n\t\t<\/button><figcaption class=\"wp-element-caption\">Myrstack <\/figcaption><\/figure>\n<\/div>\n\n\n\n<div class=\"wp-block-column is-layout-flow wp-block-column-is-layout-flow\">\n<figure class=\"wp-block-image size-full is-style-rounded wp-duotone-unset-1\"><img loading=\"lazy\" decoding=\"async\" width=\"421\" height=\"421\" src=\"https:\/\/tiveden.nu\/wp-content\/uploads\/2025\/02\/cyklister1.jpg\" alt=\"\" class=\"wp-image-241\" srcset=\"https:\/\/tiveden.nu\/wp-content\/uploads\/2025\/02\/cyklister1.jpg 421w, https:\/\/tiveden.nu\/wp-content\/uploads\/2025\/02\/cyklister1-300x300.jpg 300w, https:\/\/tiveden.nu\/wp-content\/uploads\/2025\/02\/cyklister1-150x150.jpg 150w\" sizes=\"auto, (max-width: 421px) 100vw, 421px\" \/><\/figure>\n<\/div>\n<\/div>\n\n\n\n<div class=\"wp-block-columns are-vertically-aligned-center is-layout-flex wp-container-core-columns-is-layout-9d6595d7 wp-block-columns-is-layout-flex\">\n<div class=\"wp-block-column is-layout-flow wp-block-column-is-layout-flow\"><\/div>\n\n\n\n<div class=\"wp-block-column is-layout-flow wp-block-column-is-layout-flow\"><\/div>\n\n\n\n<div class=\"wp-block-column is-layout-flow wp-block-column-is-layout-flow\"><\/div>\n<\/div>\n\n\n\n<div class=\"wp-block-group is-layout-grid wp-container-core-group-is-layout-9649a0d9 wp-block-group-is-layout-grid\">\n<div class=\"wp-block-buttons is-layout-flex wp-block-buttons-is-layout-flex\">\n<div class=\"wp-block-button\"><a class=\"wp-block-button__link wp-element-button\" href=\"https:\/\/www.tiveden.se\/cykla\/\">cykla i tiveden<\/a><\/div>\n\n\n\n<div class=\"wp-block-button\"><a class=\"wp-block-button__link wp-element-button\" href=\"https:\/\/bergslagencycling.com\/\">Bergslagens cykling<\/a><\/div>\n\n\n\n<div class=\"wp-block-button\"><a class=\"wp-block-button__link wp-element-button\" href=\"https:\/\/www.ifiske.se\/fiskekort-unden.htm\">Fiska i Unden <\/a><\/div>\n<\/div>\n\n\n\n<div class=\"wp-block-buttons is-layout-flex wp-block-buttons-is-layout-flex\">\n<div class=\"wp-block-button\"><a class=\"wp-block-button__link wp-element-button\" href=\"https:\/\/tivedsutvecklingsgrupp.tiveden.nu\/till-fots-pa-cykel\/\">Stora vargleden , Lilla kungsleden<\/a><\/div>\n\n\n\n<div class=\"wp-block-button\"><a class=\"wp-block-button__link wp-element-button\" href=\"https:\/\/ridledertiveden.se\/\">Ridleder i Tiveden<\/a><\/div>\n\n\n\n<div class=\"wp-block-button\"><a class=\"wp-block-button__link wp-element-button\" href=\"https:\/\/www.outdoorfika.se\/\">Outdoor fika<\/a><\/div>\n<\/div>\n\n\n\n<h2 class=\"wp-block-heading wp-container-content-69bc4bdf\"><\/h2>\n<\/div>\n\n\n\n<h2 class=\"wp-block-heading\">Uppt\u00e4ck mer med en naturguide<\/h2>\n\n\n\n<figure class=\"wp-block-embed is-type-wp-embed is-provider-tivedens-guider wp-block-embed-tivedens-guider\"><div class=\"wp-block-embed__wrapper\">\n<blockquote class=\"wp-embedded-content\" data-secret=\"RtTzFpPk7y\"><a href=\"https:\/\/tivedensguider.com\/\">Tivedens Guider<\/a><\/blockquote><iframe loading=\"lazy\" class=\"wp-embedded-content\" sandbox=\"allow-scripts\" security=\"restricted\" style=\"position: absolute; visibility: hidden;\" title=\"\u201dTivedens Guider\u201d &ndash; Tivedens Guider\" src=\"https:\/\/tivedensguider.com\/embed\/#?secret=Mtre2XJwaM#?secret=RtTzFpPk7y\" data-secret=\"RtTzFpPk7y\" width=\"474\" height=\"267\" frameborder=\"0\" marginwidth=\"0\" marginheight=\"0\" scrolling=\"no\"><\/iframe>\n<\/div><\/figure>\n\n\n\n<p><\/p>\n\n\n\n<p><\/p>\n\n\n\n<p><\/p>\n\n\n\n<p><\/p>\n\n\n\n<p><a href=\"https:\/\/www.naturguidetiveden.se\">https:\/\/www.naturguidetiveden.se<\/a><\/p>\n\n\n\n<p><\/p>\n\n\n\n<p><a href=\"http:\/\/www.naturguidetiveden.se\/\">Naturguide Tiveden<\/a><br>David Tverling st\u00e5r beredd att lotsa runt i skogarna bland sm\u00e5 och stora varelser<\/p>\n\n\n\n<p><a href=\"http:\/\/tivedensguider.se\/\">Tivedens guider<br><\/a>tar dig med p\u00e5 tur i Nationalparken<\/p>\n\n\n\n<p><a href=\"https:\/\/www.tracelessintiveden.com\/\">Traceless in Tiveden<\/a><br>Lovisa Larsson&nbsp; tar med dig ut p\u00e5 \u00e4ventyr i&nbsp; Tivedsskogarna<\/p>\n","protected":false},"excerpt":{"rendered":"<p>Cykla -vandra- fiska-rida p\u00e5 egen hand Uppt\u00e4ck mer med en naturguide https:\/\/www.naturguidetiveden.se Naturguide TivedenDavid Tverling st\u00e5r beredd att lotsa runt i skogarna bland sm\u00e5 och stora varelser Tivedens guidertar dig med p\u00e5 tur i Nationalparken Traceless in TivedenLovisa Larsson&nbsp; tar med dig ut p\u00e5 \u00e4ventyr i&nbsp; Tivedsskogarna<\/p>\n","protected":false},"author":1,"featured_media":0,"parent":828,"menu_order":0,"comment_status":"closed","ping_status":"closed","template":"","meta":{"footnotes":""},"class_list":["post-96","page","type-page","status-publish","hentry"],"_links":{"self":[{"href":"https:\/\/tiveden.nu\/index.php\/wp-json\/wp\/v2\/pages\/96","targetHints":{"allow":["GET"]}}],"collection":[{"href":"https:\/\/tiveden.nu\/index.php\/wp-json\/wp\/v2\/pages"}],"about":[{"href":"https:\/\/tiveden.nu\/index.php\/wp-json\/wp\/v2\/types\/page"}],"author":[{"embeddable":true,"href":"https:\/\/tiveden.nu\/index.php\/wp-json\/wp\/v2\/users\/1"}],"replies":[{"embeddable":true,"href":"https:\/\/tiveden.nu\/index.php\/wp-json\/wp\/v2\/comments?post=96"}],"version-history":[{"count":53,"href":"https:\/\/tiveden.nu\/index.php\/wp-json\/wp\/v2\/pages\/96\/revisions"}],"predecessor-version":[{"id":831,"href":"https:\/\/tiveden.nu\/index.php\/wp-json\/wp\/v2\/pages\/96\/revisions\/831"}],"up":[{"embeddable":true,"href":"https:\/\/tiveden.nu\/index.php\/wp-json\/wp\/v2\/pages\/828"}],"wp:attachment":[{"href":"https:\/\/tiveden.nu\/index.php\/wp-json\/wp\/v2\/media?parent=96"}],"curies":[{"name":"wp","href":"https:\/\/api.w.org\/{rel}","templated":true}]}}